{"id":2,"date":"2010-08-26T01:24:09","date_gmt":"2010-08-26T01:24:09","guid":{"rendered":"http:\/\/www.contextosdigital.com\/?page_id=2"},"modified":"2011-08-15T12:48:29","modified_gmt":"2011-08-15T17:48:29","slug":"acerca-de","status":"publish","type":"page","link":"https:\/\/www.contextosdigital.com\/?page_id=2","title":{"rendered":"Acerca de"},"content":{"rendered":"<p>Contextos Comunicaci\u00f3n, es una empresa de car\u00e1cter multidisciplinario cuyo com\u00fan denominador es su elevado nivel creativo y su alto profesionalismo. Es la primera empresa Tlaxcalteca, especializada en servicios de comunicaci\u00f3n social, producci\u00f3n de audio y video, producci\u00f3n multimedia, producci\u00f3n editorial, publicidad y asesor\u00eda, que pone al alcance de las empresas, instituciones y organizaciones, toda una gama de posibilidades para la promoci\u00f3n y difusi\u00f3n de sus bienes y servicios.<\/p>\n<p>Para ello, Contextos Comunicaci\u00f3n, cuenta con tecnolog\u00eda de punta y un equipo multidisciplinario de profesionales en las diferentes \u00e1reas de la comunicaci\u00f3n, dise\u00f1o, marketing y sistemas computacionales, quienes estudian y comparten las necesidades de nuestros clientes para brindarles servicios de alta calidad que les satisfagan plenamente y les permitan alcanzar sus objetivos, tanto comerciales como institucionales.<\/p>\n<p>Contextos Comunicaci\u00f3n, ofrece un servicio personalizado, m\u00e1xima calidad, creatividad, innovaci\u00f3n y tecnolog\u00eda de vanguardia, as\u00ed como el cumplimiento total de las condiciones establecidas con el cliente, estas son las normas que nos rigen.<\/p>\n<p>Gracias a nuestra pol\u00edtica de servicio los clientes han dejado de serlo, para convertirse en amigos de confianza. CONFIANZA que d\u00eda a d\u00eda, se ve m\u00e1s fortalecida, gracias a los resultados que satisfacen sus necesidades.<\/p>\n","protected":false},"excerpt":{"rendered":"<p>Contextos Comunicaci\u00f3n, es una empresa de car\u00e1cter multidisciplinario cuyo com\u00fan denominador es su elevado nivel creativo y su alto profesionalismo. Es la primera empresa Tlaxcalteca, especializada en servicios de comunicaci\u00f3n social, producci\u00f3n de audio y video, producci\u00f3n multimedia, producci\u00f3n editorial, publicidad y asesor\u00eda, que pone al alcance de las empresas, instituciones y organizaciones, toda una [&hellip;]<\/p>\n","protected":false},"author":1,"featured_media":0,"parent":0,"menu_order":0,"comment_status":"open","ping_status":"open","template":"","meta":{"footnotes":""},"class_list":["post-2","page","type-page","status-publish","hentry"],"_links":{"self":[{"href":"https:\/\/www.contextosdigital.com\/index.php?rest_route=\/wp\/v2\/pages\/2","targetHints":{"allow":["GET"]}}],"collection":[{"href":"https:\/\/www.contextosdigital.com\/index.php?rest_route=\/wp\/v2\/pages"}],"about":[{"href":"https:\/\/www.contextosdigital.com\/index.php?rest_route=\/wp\/v2\/types\/page"}],"author":[{"embeddable":true,"href":"https:\/\/www.contextosdigital.com\/index.php?rest_route=\/wp\/v2\/users\/1"}],"replies":[{"embeddable":true,"href":"https:\/\/www.contextosdigital.com\/index.php?rest_route=%2Fwp%2Fv2%2Fcomments&post=2"}],"version-history":[{"count":3,"href":"https:\/\/www.contextosdigital.com\/index.php?rest_route=\/wp\/v2\/pages\/2\/revisions"}],"predecessor-version":[{"id":5,"href":"https:\/\/www.contextosdigital.com\/index.php?rest_route=\/wp\/v2\/pages\/2\/revisions\/5"}],"wp:attachment":[{"href":"https:\/\/www.contextosdigital.com\/index.php?rest_route=%2Fwp%2Fv2%2Fmedia&parent=2"}],"curies":[{"name":"wp","href":"https:\/\/api.w.org\/{rel}","templated":true}]}}