{"id":13,"date":"2010-08-27T12:20:53","date_gmt":"2010-08-27T18:20:53","guid":{"rendered":"http:\/\/www.contextosdigital.com\/?page_id=13"},"modified":"2010-08-27T12:20:53","modified_gmt":"2010-08-27T18:20:53","slug":"contacto","status":"publish","type":"page","link":"https:\/\/www.contextosdigital.com\/?page_id=13","title":{"rendered":"Contacto"},"content":{"rendered":"<p>Contextos Comunicaci\u00f3n<\/p>\n<p>Director General<\/p>\n<p>David Padilla P\u00e9rez<\/p>\n<p>Av. Juarez #35, Tizatl\u00e1n, Tlaxcala.<\/p>\n<p>Tel: (246) 462-3434<\/p>\n<p>Cel: 246-126-5093<\/p>\n<p><a href=\"mailto:direccion@contextosdigital.com\">direccion@contextosdigital.com<\/a><\/p>\n<p><a href=\"mailto:contextos.tlax@gmail.com\">contextos.tlax@gmail.com<\/a><\/p>\n","protected":false},"excerpt":{"rendered":"<p>Contextos Comunicaci\u00f3n Director General David Padilla P\u00e9rez Av. Juarez #35, Tizatl\u00e1n, Tlaxcala. Tel: (246) 462-3434 Cel: 246-126-5093 direccion@contextosdigital.com contextos.tlax@gmail.com<\/p>\n","protected":false},"author":1,"featured_media":0,"parent":0,"menu_order":0,"comment_status":"open","ping_status":"open","template":"","meta":{"footnotes":""},"class_list":["post-13","page","type-page","status-publish","hentry"],"_links":{"self":[{"href":"https:\/\/www.contextosdigital.com\/index.php?rest_route=\/wp\/v2\/pages\/13","targetHints":{"allow":["GET"]}}],"collection":[{"href":"https:\/\/www.contextosdigital.com\/index.php?rest_route=\/wp\/v2\/pages"}],"about":[{"href":"https:\/\/www.contextosdigital.com\/index.php?rest_route=\/wp\/v2\/types\/page"}],"author":[{"embeddable":true,"href":"https:\/\/www.contextosdigital.com\/index.php?rest_route=\/wp\/v2\/users\/1"}],"replies":[{"embeddable":true,"href":"https:\/\/www.contextosdigital.com\/index.php?rest_route=%2Fwp%2Fv2%2Fcomments&post=13"}],"version-history":[{"count":2,"href":"https:\/\/www.contextosdigital.com\/index.php?rest_route=\/wp\/v2\/pages\/13\/revisions"}],"predecessor-version":[{"id":15,"href":"https:\/\/www.contextosdigital.com\/index.php?rest_route=\/wp\/v2\/pages\/13\/revisions\/15"}],"wp:attachment":[{"href":"https:\/\/www.contextosdigital.com\/index.php?rest_route=%2Fwp%2Fv2%2Fmedia&parent=13"}],"curies":[{"name":"wp","href":"https:\/\/api.w.org\/{rel}","templated":true}]}}